{"id":132,"date":"2023-12-13T10:59:41","date_gmt":"2023-12-13T10:59:41","guid":{"rendered":"http:\/\/gaiamind.dk\/?page_id=132"},"modified":"2025-12-26T14:35:35","modified_gmt":"2025-12-26T14:35:35","slug":"om-mig","status":"publish","type":"page","link":"https:\/\/gaiamind.dk\/index.php\/om-mig\/","title":{"rendered":"Om mig"},"content":{"rendered":"\n<div class=\"wp-block-group alignfull has-global-padding is-layout-constrained wp-container-core-group-is-layout-129f6e7c wp-block-group-is-layout-constrained\" style=\"margin-top:0;margin-bottom:0;padding-top:var(--wp--preset--spacing--superbspacing-large);padding-right:var(--wp--preset--spacing--superbspacing-small);padding-bottom:var(--wp--preset--spacing--superbspacing-large);padding-left:var(--wp--preset--spacing--superbspacing-small)\">\n<h2 class=\"wp-block-heading has-text-align-center\">Om mig  <\/h2>\n\n\n\n<p class=\"has-text-align-center has-primary-color has-text-color has-link-color has-superbfont-small-font-size wp-elements-e4d84baa622ccdb4381fc8fe8fd10170\"><strong>Mit navn er Anna Fischer Baag\u00f8e og jeg er autoriseret psykolog og yogaunderviser<\/strong><\/p>\n\n\n\n<div class=\"wp-block-columns alignwide are-vertically-aligned-center is-layout-flex wp-container-core-columns-is-layout-25593187 wp-block-columns-is-layout-flex\">\n<div class=\"wp-block-column is-vertically-aligned-center is-layout-flow wp-container-core-column-is-layout-40a2a7e8 wp-block-column-is-layout-flow\" style=\"padding-right:0;padding-bottom:0;padding-left:0\">\n<figure class=\"wp-block-image size-large is-resized has-custom-border\"><img loading=\"lazy\" decoding=\"async\" width=\"626\" height=\"1024\" src=\"http:\/\/gaiamind.dk\/wp-content\/uploads\/2023\/12\/Billede-til-CV-og-LinkedIn-626x1024.jpg\" alt=\"\" class=\"wp-image-106\" style=\"border-radius:0px;width:458px;height:auto\"\/><\/figure>\n<\/div>\n\n\n\n<div class=\"wp-block-column is-vertically-aligned-center is-layout-flow wp-container-core-column-is-layout-a1628350 wp-block-column-is-layout-flow\" style=\"padding-top:0;padding-right:0;padding-bottom:0;padding-left:0\">\n<div class=\"wp-block-group is-layout-flow wp-container-core-group-is-layout-ff697075 wp-block-group-is-layout-flow\">\n<p>Jeg har gennem mange \u00e5r arbejdet med at hj\u00e6lpe og st\u00f8tte mennesker i forskellige sv\u00e6re perioder af deres liv, b\u00e5de i det offentlige og i privat praksis. Jeg er i mit arbejde som psykolog s\u00e6rligt optaget af at etablere en tryg og tillidsfuld relation og at m\u00f8de det enkelte menneske med stor ydmyghed og respekt for dennes unikke livssituation. Jeg tror p\u00e5, at alle mennesker er eksperter p\u00e5 deres eget liv og at de g\u00f8r det bedste de kan, men at de omst\u00e6ndigheder livet byder os nogle gange kan v\u00e6re s\u00e5 overv\u00e6ldende, at vi kan have brug for hj\u00e6lp til at finde en vej videre.<\/p>\n\n\n\n<p>Jeg har gennem \u00e5rene opbygget erfaring med at hj\u00e6lpe b\u00f8rn, unge og voksne der oplever udfordringer som generel mistrivsel, ensomhed, d\u00e5rligt selvv\u00e6rd, f\u00f8lelser af utilstr\u00e6kkelighed, mobbeproblematikker, diverse belastningsreaktioner, alvorlig eller livstruende sygdom, sorg, angst samt stress og depression. <\/p>\n<\/div>\n<\/div>\n<\/div>\n\n\n\n<p>Jeg har altid haft en stor interesse for arbejdet med b\u00f8rn og unge og jeg har blandt andet arbejdet med anbragte, omsorgssvigtede unge p\u00e5 et opholdsted og i en l\u00e6ngere \u00e5rr\u00e6kke som psykolog i PPR (P\u00e6dagogisk Psykologisk R\u00e5dgivning). Gennem mit arbejde med b\u00f8rn og unge, har jeg opbygget s\u00e6rlig erfaring med at m\u00f8de og st\u00f8tte familier i krise og jeg har en stor organisatiorisk forst\u00e5else af de komplekse sammenh\u00e6nge, som en familie er en del af, n\u00e5r b\u00f8rn, unge eller for\u00e6ldre mistrives eller bliver syge. Jeg har desuden erfaring med at st\u00f8tte og r\u00e5dgive for\u00e6ldre, der oplever udfordringer omkring deres b\u00f8rns skolegang og\/eller som har b\u00f8rn med angstlidelser, autismespektrumforstyrrelser, opm\u00e6rksomhedsforstyrrelser m.m. <\/p>\n\n\n\n<p>Derudover br\u00e6nder jeg s\u00e6rligt for at hj\u00e6lpe p\u00e5r\u00f8rende til folk der er syge, med for eksempel psykisk sygdom eller alvorlig eller livstruende sygdom. Det er ofte sv\u00e6rt at finde balancen mellem at v\u00e6re der for den man har k\u00e6r, samtidig med, at man passer p\u00e5 sig selv. I s\u00e5danne situationer kan det v\u00e6re rart med st\u00f8tte og samtale med en professionel om de sv\u00e6re f\u00f8lelser og indre konflikter man ellers kan opleve at st\u00e5 alene med. <\/p>\n\n\n\n<hr class=\"wp-block-separator has-alpha-channel-opacity\"\/>\n\n\n\n<div class=\"wp-block-group alignfull has-global-padding is-layout-constrained wp-container-core-group-is-layout-129f6e7c wp-block-group-is-layout-constrained\" style=\"margin-top:0;margin-bottom:0;padding-top:var(--wp--preset--spacing--superbspacing-large);padding-right:var(--wp--preset--spacing--superbspacing-small);padding-bottom:var(--wp--preset--spacing--superbspacing-large);padding-left:var(--wp--preset--spacing--superbspacing-small)\">\n<div class=\"wp-block-columns alignwide is-layout-flex wp-container-core-columns-is-layout-25593187 wp-block-columns-is-layout-flex\">\n<div class=\"wp-block-column is-vertically-aligned-center is-layout-flow wp-container-core-column-is-layout-40a2a7e8 wp-block-column-is-layout-flow\" style=\"padding-right:0;padding-bottom:0;padding-left:0\">\n<figure class=\"wp-block-image size-large has-custom-border\"><img loading=\"lazy\" decoding=\"async\" width=\"683\" height=\"1024\" src=\"http:\/\/gaiamind.dk\/wp-content\/uploads\/2024\/01\/meditation_1705491141-683x1024.jpeg\" alt=\"\" class=\"wp-image-503\" style=\"border-radius:0px\" srcset=\"https:\/\/gaiamind.dk\/wp-content\/uploads\/2024\/01\/meditation_1705491141-683x1024.jpeg 683w, https:\/\/gaiamind.dk\/wp-content\/uploads\/2024\/01\/meditation_1705491141-200x300.jpeg 200w, https:\/\/gaiamind.dk\/wp-content\/uploads\/2024\/01\/meditation_1705491141-768x1152.jpeg 768w, https:\/\/gaiamind.dk\/wp-content\/uploads\/2024\/01\/meditation_1705491141-scaled.jpeg 1707w\" sizes=\"auto, (max-width: 683px) 100vw, 683px\" \/><\/figure>\n<\/div>\n\n\n\n<div class=\"wp-block-column is-vertically-aligned-center is-layout-flow wp-container-core-column-is-layout-a1628350 wp-block-column-is-layout-flow\" style=\"padding-top:0;padding-right:0;padding-bottom:0;padding-left:0\">\n<div class=\"wp-block-group is-layout-flow wp-container-core-group-is-layout-ff697075 wp-block-group-is-layout-flow\">\n<h2 class=\"wp-block-heading has-text-align-left\">Krop &amp; Sind<\/h2>\n\n\n\n<p class=\"has-text-align-left has-secondary-color has-text-color\">Jeg er i mit arbejde med mennesker meget optaget af samspillet mellem krop og sind og jeg tror p\u00e5, at menneskelig trivsel og udvikling er afh\u00e6ngig af, at vi ser og m\u00f8der det hele menneske. Dette indeb\u00e6rer for mig ikke alene et fokus p\u00e5 vores tanker og forst\u00e5elser om os selv og vores omgivelser, men det indeb\u00e6rer ogs\u00e5 en integreret opm\u00e6rksomhed p\u00e5 vores kropslige sundhed og signaler. Jeg har gennem nogle \u00e5r undervist forskellige yogahold, b\u00e5de privat og i foreningsregi, og gennemg\u00e5ende for mit arbejde som underviser, er et fokus p\u00e5 at bruge yogaen til at \u00f8ge vores kropsbevidsthed og komme til stede i nuet. <\/p>\n<\/div>\n<\/div>\n<\/div>\n\n\n\n<p>N\u00e5r vi \u00f8ver os i at v\u00e6re til stede med det det er, og at lytte til det kroppen fort\u00e6ller os, s\u00e5 skaber vi et bedre udgangspunkt for at unders\u00f8ge vores f\u00f8lelser, tanker og kropslige fornemmelser fra et objektivt og ikke-d\u00f8mmende sted. Derudover fremmer de meditative elementer i yogaen en st\u00f8rre rummelighed af det vi m\u00e6rker og det muligg\u00f8r, at vi kan m\u00f8de os selv med st\u00f8rre omsorg og accept. <\/p>\n\n\n\n<div class=\"wp-block-buttons is-content-justification-center is-layout-flex wp-container-core-buttons-is-layout-a89b3969 wp-block-buttons-is-layout-flex\">\n<div class=\"wp-block-button\"><a class=\"wp-block-button__link has-text-align-center wp-element-button\" href=\"https:\/\/gaiamind.dk\/index.php\/kontakt\/\">KONTAKT<\/a><\/div>\n<\/div>\n\n\n\n<p><\/p>\n\n\n\n<p>Privat bor jeg med min mand og vores tre b\u00f8rn i natursk\u00f8nne Lejre. Jeg kan godt lide at l\u00e6se og strikke og prioriterer at bruge tid sammen med min familie. Det betyder meget for mig at v\u00e6re engageret i vores lokale f\u00e6llesskaber, og udover at v\u00e6re en aktiv del af et netv\u00e6rk for selvst\u00e6ndige kvindelige erhvervsdrivende i Lejre, s\u00e5 har jeg ogs\u00e5 tidligere undervist i yoga i vores lokale foreningsdrevede fitnesscenter.<\/p>\n<\/div>\n\n\n\n<div class=\"wp-block-group alignfull has-mono-4-background-color has-background has-global-padding is-layout-constrained wp-container-core-group-is-layout-129f6e7c wp-block-group-is-layout-constrained\" style=\"margin-top:0;margin-bottom:0;padding-top:var(--wp--preset--spacing--superbspacing-large);padding-right:var(--wp--preset--spacing--superbspacing-small);padding-bottom:var(--wp--preset--spacing--superbspacing-large);padding-left:var(--wp--preset--spacing--superbspacing-small)\">\n<div class=\"wp-block-columns alignwide is-layout-flex wp-container-core-columns-is-layout-25593187 wp-block-columns-is-layout-flex\">\n<div class=\"wp-block-column is-vertically-aligned-center is-layout-flow wp-container-core-column-is-layout-a1628350 wp-block-column-is-layout-flow\" style=\"padding-top:0;padding-right:0;padding-bottom:0;padding-left:0\">\n<h2 class=\"wp-block-heading has-text-align-left has-superbfont-medium-font-size\">Uddannelse  <\/h2>\n\n\n\n<div class=\"wp-block-group is-layout-flow wp-container-core-group-is-layout-ff697075 wp-block-group-is-layout-flow\">\n<p>Jeg er uddannet psykolog fra K\u00f8benhavns Universitet (cand. psych.) og besidder derudover titlen &#8220;Psykolog med praksisuddannelse (klinisk psykolog)&#8221;, det der tidligere blev kaldt autoriseret psykolog. Det betyder, at jeg efter endt kandidateksamen har gennemg\u00e5et en to-\u00e5rig praktisk uddannelse, med mere end 1000 timers klinisk arbejde sidel\u00f8bende med mere end 160 timers supervision.<\/p>\n\n\n\n<p>Jeg har desuden gennemf\u00f8rt specialiseringsmoduler indenfor bl.a. psykologisk udredning af b\u00f8rn, behandling af angstlidelser hos b\u00f8rn- og unge samt i Compassion Fokuseret Terapi. <\/p>\n\n\n\n<p>Jeg har de seneste \u00e5r uddannet mig til yogainstrukt\u00f8r, med en grunduddannelse i Hatha Yoga gennem DGI og Bev\u00e6g Dig for Livet, samt en 60 timers Yin Yoga uddannelse ved Wuji Academy. Derudover deltager jeg l\u00f8bende i nye kurser og netv\u00e6rksarrangementer, med workshops og ny inspiration.<\/p>\n\n\n\n<p>Jeg er medlem af brancheorganisationerne Dansk Psykolog Forening og DYOM (Danske Yoga- og meditationsl\u00e6rere)<\/p>\n<\/div>\n<\/div>\n\n\n\n<div class=\"wp-block-column is-vertically-aligned-center is-layout-flow wp-container-core-column-is-layout-40a2a7e8 wp-block-column-is-layout-flow\" style=\"padding-right:0;padding-bottom:0;padding-left:0\">\n<figure class=\"wp-block-image size-large is-resized\"><img loading=\"lazy\" decoding=\"async\" width=\"683\" height=\"1024\" src=\"http:\/\/gaiamind.dk\/wp-content\/uploads\/2024\/01\/education_1705411601-683x1024.jpeg\" alt=\"\" class=\"wp-image-439\" style=\"width:368px;height:auto\" srcset=\"https:\/\/gaiamind.dk\/wp-content\/uploads\/2024\/01\/education_1705411601-683x1024.jpeg 683w, https:\/\/gaiamind.dk\/wp-content\/uploads\/2024\/01\/education_1705411601-200x300.jpeg 200w, https:\/\/gaiamind.dk\/wp-content\/uploads\/2024\/01\/education_1705411601-768x1152.jpeg 768w, https:\/\/gaiamind.dk\/wp-content\/uploads\/2024\/01\/education_1705411601-scaled.jpeg 1707w\" sizes=\"auto, (max-width: 683px) 100vw, 683px\" \/><\/figure>\n<\/div>\n<\/div>\n<\/div>\n<\/div>\n\n\n\n<div class=\"wp-block-group is-content-justification-center is-nowrap is-layout-flex wp-container-core-group-is-layout-23441af8 wp-block-group-is-layout-flex\">\n<figure class=\"wp-block-image size-large is-resized\"><img loading=\"lazy\" decoding=\"async\" width=\"1024\" height=\"317\" src=\"https:\/\/gaiamind.dk\/wp-content\/uploads\/2024\/01\/DP-LOGO-til-egen-hjemmeside-3-1024x317.png\" alt=\"\" class=\"wp-image-428\" style=\"width:385px;height:auto\" srcset=\"https:\/\/gaiamind.dk\/wp-content\/uploads\/2024\/01\/DP-LOGO-til-egen-hjemmeside-3-1024x317.png 1024w, https:\/\/gaiamind.dk\/wp-content\/uploads\/2024\/01\/DP-LOGO-til-egen-hjemmeside-3-300x93.png 300w, https:\/\/gaiamind.dk\/wp-content\/uploads\/2024\/01\/DP-LOGO-til-egen-hjemmeside-3-768x237.png 768w, https:\/\/gaiamind.dk\/wp-content\/uploads\/2024\/01\/DP-LOGO-til-egen-hjemmeside-3-1536x475.png 1536w, https:\/\/gaiamind.dk\/wp-content\/uploads\/2024\/01\/DP-LOGO-til-egen-hjemmeside-3-2048x633.png 2048w\" sizes=\"auto, (max-width: 1024px) 100vw, 1024px\" \/><\/figure>\n\n\n\n<figure class=\"wp-block-image size-large is-resized wp-duotone-unset-1\"><img loading=\"lazy\" decoding=\"async\" width=\"1024\" height=\"1024\" src=\"https:\/\/gaiamind.dk\/wp-content\/uploads\/2025\/12\/DYOM2026-1024x1024.jpg\" alt=\"\" class=\"wp-image-1061\" style=\"width:202px;height:auto\" srcset=\"https:\/\/gaiamind.dk\/wp-content\/uploads\/2025\/12\/DYOM2026-1024x1024.jpg 1024w, https:\/\/gaiamind.dk\/wp-content\/uploads\/2025\/12\/DYOM2026-300x300.jpg 300w, https:\/\/gaiamind.dk\/wp-content\/uploads\/2025\/12\/DYOM2026-150x150.jpg 150w, https:\/\/gaiamind.dk\/wp-content\/uploads\/2025\/12\/DYOM2026-768x768.jpg 768w, https:\/\/gaiamind.dk\/wp-content\/uploads\/2025\/12\/DYOM2026.jpg 1080w\" sizes=\"auto, (max-width: 1024px) 100vw, 1024px\" \/><\/figure>\n<\/div>\n\n\n\n<p><\/p>\n","protected":false},"excerpt":{"rendered":"<p>Om mig Mit navn er Anna Fischer Baag\u00f8e og jeg er autoriseret psykolog og yogaunderviser Jeg har gennem mange \u00e5r arbejdet med at hj\u00e6lpe og st\u00f8tte mennesker i forskellige sv\u00e6re perioder af deres liv, b\u00e5de i det offentlige og i privat praksis. Jeg er i mit arbejde som psykolog s\u00e6rligt optaget af at etablere en [&hellip;]<\/p>\n","protected":false},"author":1,"featured_media":0,"parent":0,"menu_order":0,"comment_status":"closed","ping_status":"closed","template":"","meta":{"footnotes":""},"class_list":["post-132","page","type-page","status-publish","hentry"],"_links":{"self":[{"href":"https:\/\/gaiamind.dk\/index.php\/wp-json\/wp\/v2\/pages\/132","targetHints":{"allow":["GET"]}}],"collection":[{"href":"https:\/\/gaiamind.dk\/index.php\/wp-json\/wp\/v2\/pages"}],"about":[{"href":"https:\/\/gaiamind.dk\/index.php\/wp-json\/wp\/v2\/types\/page"}],"author":[{"embeddable":true,"href":"https:\/\/gaiamind.dk\/index.php\/wp-json\/wp\/v2\/users\/1"}],"replies":[{"embeddable":true,"href":"https:\/\/gaiamind.dk\/index.php\/wp-json\/wp\/v2\/comments?post=132"}],"version-history":[{"count":111,"href":"https:\/\/gaiamind.dk\/index.php\/wp-json\/wp\/v2\/pages\/132\/revisions"}],"predecessor-version":[{"id":1063,"href":"https:\/\/gaiamind.dk\/index.php\/wp-json\/wp\/v2\/pages\/132\/revisions\/1063"}],"wp:attachment":[{"href":"https:\/\/gaiamind.dk\/index.php\/wp-json\/wp\/v2\/media?parent=132"}],"curies":[{"name":"wp","href":"https:\/\/api.w.org\/{rel}","templated":true}]}}