{"id":120,"date":"2023-12-13T10:45:01","date_gmt":"2023-12-13T10:45:01","guid":{"rendered":"http:\/\/gaiamind.dk\/?page_id=120"},"modified":"2025-06-10T08:31:04","modified_gmt":"2025-06-10T08:31:04","slug":"priser","status":"publish","type":"page","link":"http:\/\/gaiamind.dk\/index.php\/kontakt\/priser\/","title":{"rendered":"Priser &#038; Vilk\u00e5r"},"content":{"rendered":"\n<div class=\"wp-block-group is-layout-flow wp-container-core-group-is-layout-ff697075 wp-block-group-is-layout-flow\">\n<div class=\"wp-block-superb-addons-cover-image\"><div class=\"superbaddons-coverimage-block\" style=\"border-radius:0%;min-height:200px;background-image:url(http:\/\/gaiamind.dk\/wp-content\/uploads\/2024\/01\/flower_spring_1705052138-scaled.jpeg);background-position:52% 24%;background-size:cover;background-repeat:no-repeat\"><\/div><\/div>\n\n\n\n<p><\/p>\n\n\n\n<div style=\"height:60px\" aria-hidden=\"true\" class=\"wp-block-spacer\"><\/div>\n\n\n\n<h2 class=\"wp-block-heading has-text-align-left has-superbfont-large-font-size\">Priser <\/h2>\n\n\n\n<p class=\"has-text-align-right has-secondary-color has-text-color has-superbfont-xxsmall-font-size\">G\u00e6ldende pr. 01.02.2024<\/p>\n<\/div>\n\n\n\n<div class=\"wp-block-group is-layout-flow wp-container-core-group-is-layout-ff697075 wp-block-group-is-layout-flow\">\n<p><strong>&#8211; Individuel samtale (50 min.)<\/strong>:<strong> 950 kr. <\/strong><\/p>\n\n\n\n<div style=\"height:25px\" aria-hidden=\"true\" class=\"wp-block-spacer\"><\/div>\n\n\n\n<p><strong>&#8211; For\u00e6ldrer\u00e5dgivning (60 min.)<\/strong>: <strong>1150 kr. <\/strong><\/p>\n\n\n\n<div style=\"height:25px\" aria-hidden=\"true\" class=\"wp-block-spacer\"><\/div>\n\n\n\n<p><strong>&#8211; Personligt yogaprogram<\/strong>: <strong>1450 kr<\/strong>.<\/p>\n\n\n\n<p><em> (Indeholder ca. 30 min. samtale online, personlig programl\u00e6gning og 1 times privatundervisning &#8211;<strong> <\/strong>OBS ekskl. evt. k\u00f8rselsgebyr) <\/em><\/p>\n\n\n\n<div style=\"height:25px\" aria-hidden=\"true\" class=\"wp-block-spacer\"><\/div>\n\n\n\n<p class=\"has-text-align-left has-mono-4-background-color has-background\"><strong>V\u00e6r opm\u00e6rksom p\u00e5, at alle samtaler som udgangspunkt foreg\u00e5r online <\/strong>via et sikkert samtalerum. \u00d8nsker du\/I i stedet at m\u00f8des fysisk, kan jeg mod ekstra gebyr komme til dig\/jer. Gebyrets st\u00f8rrelse afh\u00e6nger af afstand og transporttid. Kontakt mig for n\u00e6rmere info. <\/p>\n<\/div>\n\n\n\n<div class=\"wp-block-group is-layout-flow wp-container-core-group-is-layout-ff697075 wp-block-group-is-layout-flow\">\n<div class=\"wp-block-buttons is-content-justification-center is-layout-flex wp-container-core-buttons-is-layout-a89b3969 wp-block-buttons-is-layout-flex\">\n<div class=\"wp-block-button has-custom-width wp-block-button__width-50\"><a class=\"wp-block-button__link has-text-align-center wp-element-button\" href=\"https:\/\/gaiamind.dk\/index.php\/kontakt\/\">Book tid<\/a><\/div>\n<\/div>\n<\/div>\n\n\n\n<div style=\"height:35px\" aria-hidden=\"true\" class=\"wp-block-spacer\"><\/div>\n\n\n\n<p>Priser vedr\u00f8rende yogaundervisning afh\u00e6nger af opgavens omfang (forberedelsestid, k\u00f8rsel mm). <a href=\"https:\/\/gaiamind.dk\/index.php\/kontakt\/\" data-type=\"page\" data-id=\"142\">Kontakt <\/a>mig for en uforpligtende snak herom. <\/p>\n\n\n\n<hr class=\"wp-block-separator has-alpha-channel-opacity\"\/>\n\n\n\n<div style=\"height:60px\" aria-hidden=\"true\" class=\"wp-block-spacer\"><\/div>\n\n\n\n<div class=\"wp-block-media-text is-stacked-on-mobile\"><figure class=\"wp-block-media-text__media\"><img loading=\"lazy\" decoding=\"async\" width=\"683\" height=\"1024\" src=\"http:\/\/gaiamind.dk\/wp-content\/uploads\/2023\/12\/Vilkaar_pexels-george-milton-7034744-kopi-683x1024.jpg\" alt=\"\" class=\"wp-image-192 size-full\" srcset=\"http:\/\/gaiamind.dk\/wp-content\/uploads\/2023\/12\/Vilkaar_pexels-george-milton-7034744-kopi-683x1024.jpg 683w, http:\/\/gaiamind.dk\/wp-content\/uploads\/2023\/12\/Vilkaar_pexels-george-milton-7034744-kopi-200x300.jpg 200w, http:\/\/gaiamind.dk\/wp-content\/uploads\/2023\/12\/Vilkaar_pexels-george-milton-7034744-kopi-768x1152.jpg 768w, http:\/\/gaiamind.dk\/wp-content\/uploads\/2023\/12\/Vilkaar_pexels-george-milton-7034744-kopi-1024x1536.jpg 1024w, http:\/\/gaiamind.dk\/wp-content\/uploads\/2023\/12\/Vilkaar_pexels-george-milton-7034744-kopi-1365x2048.jpg 1365w, http:\/\/gaiamind.dk\/wp-content\/uploads\/2023\/12\/Vilkaar_pexels-george-milton-7034744-kopi-scaled.jpg 1707w\" sizes=\"auto, (max-width: 683px) 100vw, 683px\" \/><\/figure><div class=\"wp-block-media-text__content\">\n<h2 class=\"wp-block-heading\">Vilk\u00e5r <\/h2>\n\n\n\n<p>Du booker en tid ved at skrive en mail til kontakt@gaiamind.dk og s\u00e5 vender jeg tilbage til dig hurtigst muligt &#8211; som udgangspunkt indenfor 1-2 hverdage. <\/p>\n\n\n\n<p>Betaling foreg\u00e5r via bankoverf\u00f8rsel til oplyst bankkonto, forud for hver session. I s\u00e6rlige tilf\u00e6lde kan der fremsendes faktura efter endt session, som betales indenfor 24 timer. <\/p>\n\n\n\n<p><strong>Afbud modtages senest kl. 12.00, dagen F\u00d8R den aftalte tid.<\/strong> Ved udeblivelse eller afbud modtaget senere end tidsfristen, opkr\u00e6ves den fulde pris for samtalen. <\/p>\n\n\n\n<p>Det er dit ansvar at sikre en stabil internetforbindelse og at teknikken i din ende fungerer, forud for hver session. Ved tekniske udfordringer hos dig, der g\u00f8r det umuligt at gennemf\u00f8re samtalen, opkr\u00e6ves fortsat den fulde pris. Hvis muligt for begge parter, kan samtalen i stedet fors\u00f8ges gennemf\u00f8rt pr. telefon. <\/p>\n\n\n\n<p><\/p>\n\n\n\n<p><\/p>\n\n\n\n<p><\/p>\n\n\n\n<p><\/p>\n\n\n\n<p><\/p>\n\n\n\n<p><\/p>\n<\/div><\/div>\n\n\n\n<div style=\"height:25px\" aria-hidden=\"true\" class=\"wp-block-spacer\"><\/div>\n\n\n\n<hr class=\"wp-block-separator has-alpha-channel-opacity\"\/>\n\n\n\n<div style=\"height:26px\" aria-hidden=\"true\" class=\"wp-block-spacer\"><\/div>\n\n\n\n<h2 class=\"wp-block-heading\">Henvisning og tilskudsmuligheder<\/h2>\n\n\n\n<p>Jeg har ikke overenskomst med sygesikringen og du kan derfor ikke bruge din l\u00e6gehenvisning hos mig. <\/p>\n\n\n\n<p>I nogle tilf\u00e6lde har du dog mulighed for at modtage tilskud til psykologsamtaler via en privat sundhedsforsikring eller gennem dit arbejde. Kontakt dem direkte for at h\u00f8re mere om mulighederne for dig. Er du aktivt medlem af Sygeforsikring &#8220;danmark&#8221;, har du ligeledes mulighed for at f\u00e5 \u00f8konomisk st\u00f8tte til psykologsamtaler. L\u00e6s mere om tilskudsst\u00f8rrelser p\u00e5 deres hjemmeside <a href=\"https:\/\/www.sygeforsikring.dk\/tilskud\/psykologhjaelp\">her.<\/a> <\/p>\n\n\n\n<div style=\"height:25px\" aria-hidden=\"true\" class=\"wp-block-spacer\"><\/div>\n\n\n\n<hr class=\"wp-block-separator has-alpha-channel-opacity\"\/>\n\n\n\n<div style=\"height:25px\" aria-hidden=\"true\" class=\"wp-block-spacer\"><\/div>\n\n\n\n<h2 class=\"wp-block-heading\">Lovgivning og Behandlingssikkerhed <\/h2>\n\n\n\n<p>Jeg er autoriseret psykolog ved psykologn\u00e6vnet, medlem af Dansk Psykologforening og jeg arbejder med udgangspunkt i de etiske principper for nordiske psykologer.<\/p>\n\n\n\n<p>Som psykolog er jeg i f\u00f8lge psykologloven underlagt tavshedpligt, hvilket betyder, at alle oplysninger om klienter behandles fortroligt. Der findes dog undtagelser for tavshedspligten i tilf\u00e6lde, hvor klienten selv har giver samtykke til videregivelse af oplysninger, ved mistanke om alvorlig kriminalitet eller i situationer, hvor der er risiko for alvorlig skade p\u00e5 klienten selv eller andre. <\/p>\n\n\n\n<p><\/p>\n\n\n\n<p>Som autoriseret psykolog er jeg ydermere underlagt journalpligt, hvilket betyder, at jeg har pligt til l\u00f8bende at notere faktuelle og behandlingsm\u00e6ssige oplysninger om de enkelte klientforl\u00f8b. Disser notater opbevares sikkert og fortroligt i overensstemmelse med psykologloven og databeskyttelseslovgivningen og de opbevares i 5 \u00e5r efter afslutningen af et forl\u00f8b. Som klient har du til enhver tid til ret til at f\u00e5 indsigt i de notater der er opf\u00f8rt om dit forl\u00f8b, medmindre der er afg\u00f8rende hensyn til dig selv eller andre, der taler imod denne aktindsigt. <\/p>\n\n\n\n<p><\/p>\n","protected":false},"excerpt":{"rendered":"<p>Priser G\u00e6ldende pr. 01.02.2024 &#8211; Individuel samtale (50 min.): 950 kr. &#8211; For\u00e6ldrer\u00e5dgivning (60 min.): 1150 kr. &#8211; Personligt yogaprogram: 1450 kr. (Indeholder ca. 30 min. samtale online, personlig programl\u00e6gning og 1 times privatundervisning &#8211; OBS ekskl. evt. k\u00f8rselsgebyr) V\u00e6r opm\u00e6rksom p\u00e5, at alle samtaler som udgangspunkt foreg\u00e5r online via et sikkert samtalerum. \u00d8nsker du\/I [&hellip;]<\/p>\n","protected":false},"author":1,"featured_media":0,"parent":142,"menu_order":0,"comment_status":"closed","ping_status":"closed","template":"","meta":{"footnotes":""},"class_list":["post-120","page","type-page","status-publish","hentry"],"_links":{"self":[{"href":"http:\/\/gaiamind.dk\/index.php\/wp-json\/wp\/v2\/pages\/120","targetHints":{"allow":["GET"]}}],"collection":[{"href":"http:\/\/gaiamind.dk\/index.php\/wp-json\/wp\/v2\/pages"}],"about":[{"href":"http:\/\/gaiamind.dk\/index.php\/wp-json\/wp\/v2\/types\/page"}],"author":[{"embeddable":true,"href":"http:\/\/gaiamind.dk\/index.php\/wp-json\/wp\/v2\/users\/1"}],"replies":[{"embeddable":true,"href":"http:\/\/gaiamind.dk\/index.php\/wp-json\/wp\/v2\/comments?post=120"}],"version-history":[{"count":99,"href":"http:\/\/gaiamind.dk\/index.php\/wp-json\/wp\/v2\/pages\/120\/revisions"}],"predecessor-version":[{"id":1052,"href":"http:\/\/gaiamind.dk\/index.php\/wp-json\/wp\/v2\/pages\/120\/revisions\/1052"}],"up":[{"embeddable":true,"href":"http:\/\/gaiamind.dk\/index.php\/wp-json\/wp\/v2\/pages\/142"}],"wp:attachment":[{"href":"http:\/\/gaiamind.dk\/index.php\/wp-json\/wp\/v2\/media?parent=120"}],"curies":[{"name":"wp","href":"https:\/\/api.w.org\/{rel}","templated":true}]}}